{"id":6253,"date":"2023-12-04T10:32:57","date_gmt":"2023-12-04T09:32:57","guid":{"rendered":"https:\/\/transportsbourasseau.fr\/?page_id=6253"},"modified":"2024-04-25T15:53:38","modified_gmt":"2024-04-25T13:53:38","slug":"evenementiels","status":"publish","type":"page","link":"https:\/\/transportsbourasseau.fr\/?page_id=6253","title":{"rendered":"L&rsquo;Activit\u00e9"},"content":{"rendered":"\t\t<div data-elementor-type=\"wp-page\" data-elementor-id=\"6253\" class=\"elementor elementor-6253\">\n\t\t\t\t\t\t\t<div class=\"elementor-element elementor-element-fe255d6 e-flex e-con-boxed e-con e-parent\" data-id=\"fe255d6\" data-element_type=\"container\" data-settings=\"{&quot;content_width&quot;:&quot;boxed&quot;}\" data-core-v316-plus=\"true\">\n\t\t\t\t\t<div class=\"e-con-inner\">\n\t\t\t\t\t<\/div>\n\t\t\t\t<\/div>\n\t\t\t\t<section class=\"elementor-section elementor-top-section elementor-element elementor-element-ad8d0e0 elementor-section-height-min-height elementor-section-boxed elementor-section-height-default elementor-section-items-middle\" data-id=\"ad8d0e0\" data-element_type=\"section\" data-settings=\"{&quot;background_background&quot;:&quot;classic&quot;}\">\n\t\t\t\t\t\t\t<div class=\"elementor-background-overlay\"><\/div>\n\t\t\t\t\t\t\t<div class=\"elementor-container elementor-column-gap-default\">\n\t\t\t\t\t<div class=\"elementor-column elementor-col-100 elementor-top-column elementor-element elementor-element-b1bdcc3\" data-id=\"b1bdcc3\" data-element_type=\"column\">\n\t\t\t<div class=\"elementor-widget-wrap elementor-element-populated\">\n\t\t\t\t\t\t\t\t<div class=\"elementor-element elementor-element-5c43dc0 elementor-widget elementor-widget-hub_fancy_heading\" data-id=\"5c43dc0\" data-element_type=\"widget\" data-widget_type=\"hub_fancy_heading.default\">\n\t\t\t\t<div class=\"elementor-widget-container\">\n\t\t\t\n\t\t<div id=\"ld-fancy-heading-69dfb786ab5e0\" class=\"ld-fancy-heading pos-rel\">\n\t\t\t<h2 class=\"ld-fh-element d-inline-block pos-rel  elementor-heading-title lqd-highlight-classic lqd-highlight-grow-left h2\"  > L' Activit\u00e9<\/h2>\t\t<\/div>\n\n\t\t\t\t<\/div>\n\t\t\t\t<\/div>\n\t\t\t\t\t<\/div>\n\t\t<\/div>\n\t\t\t\t\t\t\t<\/div>\n\t\t<\/section>\n\t\t<div class=\"elementor-element elementor-element-788fd92 e-flex e-con-boxed e-con e-parent\" data-id=\"788fd92\" data-element_type=\"container\" data-settings=\"{&quot;content_width&quot;:&quot;boxed&quot;}\" data-core-v316-plus=\"true\">\n\t\t\t\t\t<div class=\"e-con-inner\">\n\t\t\t\t<div class=\"elementor-element elementor-element-68ee3a9 elementor-widget elementor-widget-spacer\" data-id=\"68ee3a9\" data-element_type=\"widget\" data-widget_type=\"spacer.default\">\n\t\t\t\t<div class=\"elementor-widget-container\">\n\t\t\t<style>\/*! elementor - v3.18.0 - 20-12-2023 *\/\n.elementor-column .elementor-spacer-inner{height:var(--spacer-size)}.e-con{--container-widget-width:100%}.e-con-inner>.elementor-widget-spacer,.e-con>.elementor-widget-spacer{width:var(--container-widget-width,var(--spacer-size));--align-self:var(--container-widget-align-self,initial);--flex-shrink:0}.e-con-inner>.elementor-widget-spacer>.elementor-widget-container,.e-con>.elementor-widget-spacer>.elementor-widget-container{height:100%;width:100%}.e-con-inner>.elementor-widget-spacer>.elementor-widget-container>.elementor-spacer,.e-con>.elementor-widget-spacer>.elementor-widget-container>.elementor-spacer{height:100%}.e-con-inner>.elementor-widget-spacer>.elementor-widget-container>.elementor-spacer>.elementor-spacer-inner,.e-con>.elementor-widget-spacer>.elementor-widget-container>.elementor-spacer>.elementor-spacer-inner{height:var(--container-widget-height,var(--spacer-size))}.e-con-inner>.elementor-widget-spacer.elementor-widget-empty,.e-con>.elementor-widget-spacer.elementor-widget-empty{position:relative;min-height:22px;min-width:22px}.e-con-inner>.elementor-widget-spacer.elementor-widget-empty .elementor-widget-empty-icon,.e-con>.elementor-widget-spacer.elementor-widget-empty .elementor-widget-empty-icon{position:absolute;top:0;bottom:0;left:0;right:0;margin:auto;padding:0;width:22px;height:22px}<\/style>\t\t<div class=\"elementor-spacer\">\n\t\t\t<div class=\"elementor-spacer-inner\"><\/div>\n\t\t<\/div>\n\t\t\t\t<\/div>\n\t\t\t\t<\/div>\n\t\t\t\t\t<\/div>\n\t\t\t\t<\/div>\n\t\t\t\t<section class=\"elementor-section elementor-top-section elementor-element elementor-element-696c7d0 elementor-section-boxed elementor-section-height-default elementor-section-height-default\" data-id=\"696c7d0\" data-element_type=\"section\" data-settings=\"{&quot;background_background&quot;:&quot;classic&quot;}\">\n\t\t\t\t\t\t<div class=\"elementor-container elementor-column-gap-default\">\n\t\t\t\t\t<div class=\"elementor-column elementor-col-50 elementor-top-column elementor-element elementor-element-09382aa\" data-id=\"09382aa\" data-element_type=\"column\">\n\t\t\t<div class=\"elementor-widget-wrap elementor-element-populated\">\n\t\t\t\t\t\t\t\t<div class=\"elementor-element elementor-element-f33b632 elementor-widget__width-initial elementor-widget elementor-widget-ld_fancy_image\" data-id=\"f33b632\" data-element_type=\"widget\" data-widget_type=\"ld_fancy_image.default\">\n\t\t\t\t<div class=\"elementor-widget-container\">\n\t\t\t\n\t\t<div class=\"lqd-imggrp-single d-block pos-rel \">\n\t\t\t<div class=\"lqd-imggrp-img-container d-inline-flex pos-rel align-items-center justify-content-center \">\n\t\t\t\t\t\t\t\t<figure class=\"w-100 pos-rel\">\n\t\t\t\t\t<img fetchpriority=\"high\" decoding=\"async\" width=\"500\" height=\"500\" src=\"https:\/\/transportsbourasseau.fr\/wp-content\/uploads\/2024\/04\/3.png\" class=\"attachment-full size-full wp-image-6707\" alt=\"\" srcset=\"https:\/\/transportsbourasseau.fr\/wp-content\/uploads\/2024\/04\/3.png 500w, https:\/\/transportsbourasseau.fr\/wp-content\/uploads\/2024\/04\/3-300x300.png 300w, https:\/\/transportsbourasseau.fr\/wp-content\/uploads\/2024\/04\/3-150x150.png 150w, https:\/\/transportsbourasseau.fr\/wp-content\/uploads\/2024\/04\/3-320x320.png 320w, https:\/\/transportsbourasseau.fr\/wp-content\/uploads\/2024\/04\/3-100x100.png 100w\" sizes=\"(max-width: 500px) 100vw, 500px\" itemprop=\"image\" \/>\t\t\t\t\t\t\t\t\t\t\t\t\t\t\t\t\t\t\t\t\t\t\t\t\t\t\t\t\t<\/figure>\n\t\t\t<\/div>\n\t\t<\/div>\n\n\t\t\t<\/div>\n\t\t\t\t<\/div>\n\t\t\t\t\t<\/div>\n\t\t<\/div>\n\t\t\t\t<div class=\"elementor-column elementor-col-50 elementor-top-column elementor-element elementor-element-57373e1\" data-id=\"57373e1\" data-element_type=\"column\">\n\t\t\t<div class=\"elementor-widget-wrap elementor-element-populated\">\n\t\t\t\t\t\t\t\t<div class=\"elementor-element elementor-element-15b9190 elementor-widget elementor-widget-hub_fancy_heading\" data-id=\"15b9190\" data-element_type=\"widget\" data-widget_type=\"hub_fancy_heading.default\">\n\t\t\t\t<div class=\"elementor-widget-container\">\n\t\t\t\n\t\t<div id=\"ld-fancy-heading-69dfb786b0e00\" class=\"ld-fancy-heading pos-rel\">\n\t\t\t<h2 class=\"ld-fh-element d-inline-block pos-rel  elementor-heading-title lqd-highlight-classic lqd-highlight-grow-left h2\"  > LE CHARGEMENT<\/h2>\t\t<\/div>\n\n\t\t\t\t<\/div>\n\t\t\t\t<\/div>\n\t\t\t\t<div class=\"elementor-element elementor-element-9a92089 elementor-widget elementor-widget-hub_fancy_heading\" data-id=\"9a92089\" data-element_type=\"widget\" data-widget_type=\"hub_fancy_heading.default\">\n\t\t\t\t<div class=\"elementor-widget-container\">\n\t\t\t\n\t\t<div id=\"ld-fancy-heading-69dfb786b16e1\" class=\"ld-fancy-heading pos-rel\">\n\t\t\t<p class=\"ld-fh-element d-inline-block pos-rel  lqd-highlight-classic lqd-highlight-grow-left p\"  > Diff\u00e9rents points de chargement chez nos clients, r\u00e9partis dans un rayon de 200 kms autour de l\u2019entreprise.<\/p>\t\t<\/div>\n\n\t\t\t\t<\/div>\n\t\t\t\t<\/div>\n\t\t\t\t\t<\/div>\n\t\t<\/div>\n\t\t\t\t\t\t\t<\/div>\n\t\t<\/section>\n\t\t\t\t<section class=\"elementor-section elementor-top-section elementor-element elementor-element-65b1526 elementor-section-boxed elementor-section-height-default elementor-section-height-default\" data-id=\"65b1526\" data-element_type=\"section\" data-settings=\"{&quot;background_background&quot;:&quot;classic&quot;}\">\n\t\t\t\t\t\t<div class=\"elementor-container elementor-column-gap-default\">\n\t\t\t\t\t<div class=\"elementor-column elementor-col-50 elementor-top-column elementor-element elementor-element-ce1e81c\" data-id=\"ce1e81c\" data-element_type=\"column\">\n\t\t\t<div class=\"elementor-widget-wrap elementor-element-populated\">\n\t\t\t\t\t\t\t\t<div class=\"elementor-element elementor-element-a3d266a elementor-widget elementor-widget-hub_fancy_heading\" data-id=\"a3d266a\" data-element_type=\"widget\" data-widget_type=\"hub_fancy_heading.default\">\n\t\t\t\t<div class=\"elementor-widget-container\">\n\t\t\t\n\t\t<div id=\"ld-fancy-heading-69dfb786b2c5d\" class=\"ld-fancy-heading pos-rel\">\n\t\t\t<h2 class=\"ld-fh-element d-inline-block pos-rel  elementor-heading-title lqd-highlight-classic lqd-highlight-grow-left h2\"  > LE TRANSPORT<\/h2>\t\t<\/div>\n\n\t\t\t\t<\/div>\n\t\t\t\t<\/div>\n\t\t\t\t<div class=\"elementor-element elementor-element-39f6f54 elementor-widget elementor-widget-hub_fancy_heading\" data-id=\"39f6f54\" data-element_type=\"widget\" data-widget_type=\"hub_fancy_heading.default\">\n\t\t\t\t<div class=\"elementor-widget-container\">\n\t\t\t\n\t\t<div id=\"ld-fancy-heading-69dfb786b34b3\" class=\"ld-fancy-heading pos-rel\">\n\t\t\t<p class=\"ld-fh-element d-inline-block pos-rel  lqd-highlight-classic lqd-highlight-grow-left p\"  > Acheminement des aliments confi\u00e9s au chargement et jusqu\u2019au point de livraison demand\u00e9.<\/p>\t\t<\/div>\n\n\t\t\t\t<\/div>\n\t\t\t\t<\/div>\n\t\t\t\t\t<\/div>\n\t\t<\/div>\n\t\t\t\t<div class=\"elementor-column elementor-col-50 elementor-top-column elementor-element elementor-element-cfde26b\" data-id=\"cfde26b\" data-element_type=\"column\">\n\t\t\t<div class=\"elementor-widget-wrap elementor-element-populated\">\n\t\t\t\t\t\t\t\t<div class=\"elementor-element elementor-element-e40f689 elementor-widget__width-initial elementor-widget elementor-widget-ld_fancy_image\" data-id=\"e40f689\" data-element_type=\"widget\" data-widget_type=\"ld_fancy_image.default\">\n\t\t\t\t<div class=\"elementor-widget-container\">\n\t\t\t\n\t\t<div class=\"lqd-imggrp-single d-block pos-rel \">\n\t\t\t<div class=\"lqd-imggrp-img-container d-inline-flex pos-rel align-items-center justify-content-center \">\n\t\t\t\t\t\t\t\t<figure class=\"w-100 pos-rel\">\n\t\t\t\t\t<img decoding=\"async\" width=\"500\" height=\"500\" src=\"data:image\/svg+xml;charset=utf-8,%3Csvg xmlns%3D&#039;http%3A%2F%2Fwww.w3.org%2F2000%2Fsvg&#039; viewBox%3D&#039;0 0 500 500&#039;%2F%3E\" class=\"attachment-full size-full wp-image-6705 ld-lazyload\" alt=\"\" itemprop=\"image\" data-src=\"https:\/\/transportsbourasseau.fr\/wp-content\/uploads\/2024\/04\/1.png\" data-srcset=\"https:\/\/transportsbourasseau.fr\/wp-content\/uploads\/2024\/04\/1.png 500w, https:\/\/transportsbourasseau.fr\/wp-content\/uploads\/2024\/04\/1-300x300.png 300w, https:\/\/transportsbourasseau.fr\/wp-content\/uploads\/2024\/04\/1-150x150.png 150w, https:\/\/transportsbourasseau.fr\/wp-content\/uploads\/2024\/04\/1-320x320.png 320w, https:\/\/transportsbourasseau.fr\/wp-content\/uploads\/2024\/04\/1-100x100.png 100w\" data-sizes=\"(max-width: 500px) 100vw, 500px\" data-aspect=\"1\" \/>\t\t\t\t\t\t\t\t\t\t\t\t\t\t\t\t\t\t\t\t\t\t\t\t\t\t\t\t\t<\/figure>\n\t\t\t<\/div>\n\t\t<\/div>\n\n\t\t\t<\/div>\n\t\t\t\t<\/div>\n\t\t\t\t\t<\/div>\n\t\t<\/div>\n\t\t\t\t\t\t\t<\/div>\n\t\t<\/section>\n\t\t\t\t<section class=\"elementor-section elementor-top-section elementor-element elementor-element-5249775 elementor-section-boxed elementor-section-height-default elementor-section-height-default\" data-id=\"5249775\" data-element_type=\"section\" data-settings=\"{&quot;background_background&quot;:&quot;classic&quot;}\">\n\t\t\t\t\t\t<div class=\"elementor-container elementor-column-gap-default\">\n\t\t\t\t\t<div class=\"elementor-column elementor-col-50 elementor-top-column elementor-element elementor-element-2174731\" data-id=\"2174731\" data-element_type=\"column\">\n\t\t\t<div class=\"elementor-widget-wrap elementor-element-populated\">\n\t\t\t\t\t\t\t\t<div class=\"elementor-element elementor-element-c996837 elementor-widget__width-initial elementor-widget elementor-widget-ld_fancy_image\" data-id=\"c996837\" data-element_type=\"widget\" data-widget_type=\"ld_fancy_image.default\">\n\t\t\t\t<div class=\"elementor-widget-container\">\n\t\t\t\n\t\t<div class=\"lqd-imggrp-single d-block pos-rel \">\n\t\t\t<div class=\"lqd-imggrp-img-container d-inline-flex pos-rel align-items-center justify-content-center \">\n\t\t\t\t\t\t\t\t<figure class=\"w-100 pos-rel\">\n\t\t\t\t\t<img decoding=\"async\" width=\"500\" height=\"500\" src=\"data:image\/svg+xml;charset=utf-8,%3Csvg xmlns%3D&#039;http%3A%2F%2Fwww.w3.org%2F2000%2Fsvg&#039; viewBox%3D&#039;0 0 500 500&#039;%2F%3E\" class=\"attachment-full size-full wp-image-6706 ld-lazyload\" alt=\"\" itemprop=\"image\" data-src=\"https:\/\/transportsbourasseau.fr\/wp-content\/uploads\/2024\/04\/2.png\" data-srcset=\"https:\/\/transportsbourasseau.fr\/wp-content\/uploads\/2024\/04\/2.png 500w, https:\/\/transportsbourasseau.fr\/wp-content\/uploads\/2024\/04\/2-300x300.png 300w, https:\/\/transportsbourasseau.fr\/wp-content\/uploads\/2024\/04\/2-150x150.png 150w, https:\/\/transportsbourasseau.fr\/wp-content\/uploads\/2024\/04\/2-320x320.png 320w, https:\/\/transportsbourasseau.fr\/wp-content\/uploads\/2024\/04\/2-100x100.png 100w\" data-sizes=\"(max-width: 500px) 100vw, 500px\" data-aspect=\"1\" \/>\t\t\t\t\t\t\t\t\t\t\t\t\t\t\t\t\t\t\t\t\t\t\t\t\t\t\t\t\t<\/figure>\n\t\t\t<\/div>\n\t\t<\/div>\n\n\t\t\t<\/div>\n\t\t\t\t<\/div>\n\t\t\t\t\t<\/div>\n\t\t<\/div>\n\t\t\t\t<div class=\"elementor-column elementor-col-50 elementor-top-column elementor-element elementor-element-944c6ef\" data-id=\"944c6ef\" data-element_type=\"column\">\n\t\t\t<div class=\"elementor-widget-wrap elementor-element-populated\">\n\t\t\t\t\t\t\t\t<div class=\"elementor-element elementor-element-a1124bf elementor-widget elementor-widget-hub_fancy_heading\" data-id=\"a1124bf\" data-element_type=\"widget\" data-widget_type=\"hub_fancy_heading.default\">\n\t\t\t\t<div class=\"elementor-widget-container\">\n\t\t\t\n\t\t<div id=\"ld-fancy-heading-69dfb786d258a\" class=\"ld-fancy-heading pos-rel\">\n\t\t\t<h2 class=\"ld-fh-element d-inline-block pos-rel  elementor-heading-title lqd-highlight-classic lqd-highlight-grow-left h2\"  > LA LIVRAISON\n<\/h2>\t\t<\/div>\n\n\t\t\t\t<\/div>\n\t\t\t\t<\/div>\n\t\t\t\t<div class=\"elementor-element elementor-element-8a2cf57 elementor-widget elementor-widget-hub_fancy_heading\" data-id=\"8a2cf57\" data-element_type=\"widget\" data-widget_type=\"hub_fancy_heading.default\">\n\t\t\t\t<div class=\"elementor-widget-container\">\n\t\t\t\n\t\t<div id=\"ld-fancy-heading-69dfb786d2f00\" class=\"ld-fancy-heading pos-rel\">\n\t\t\t<p class=\"ld-fh-element d-inline-block pos-rel  lqd-highlight-classic lqd-highlight-grow-left p\"  > Livraison directement en ferme ou sur site chez les \u00e9leveurs de nos clients.<\/p>\t\t<\/div>\n\n\t\t\t\t<\/div>\n\t\t\t\t<\/div>\n\t\t\t\t\t<\/div>\n\t\t<\/div>\n\t\t\t\t\t\t\t<\/div>\n\t\t<\/section>\n\t\t\t\t<section class=\"elementor-section elementor-top-section elementor-element elementor-element-0534324 elementor-section-boxed elementor-section-height-default elementor-section-height-default\" data-id=\"0534324\" data-element_type=\"section\" data-settings=\"{&quot;background_background&quot;:&quot;classic&quot;}\">\n\t\t\t\t\t\t<div class=\"elementor-container elementor-column-gap-default\">\n\t\t\t\t\t<div class=\"elementor-column elementor-col-50 elementor-top-column elementor-element elementor-element-0c169ce\" data-id=\"0c169ce\" data-element_type=\"column\">\n\t\t\t<div class=\"elementor-widget-wrap elementor-element-populated\">\n\t\t\t\t\t\t\t\t<div class=\"elementor-element elementor-element-3041e27 elementor-widget elementor-widget-hub_fancy_heading\" data-id=\"3041e27\" data-element_type=\"widget\" data-widget_type=\"hub_fancy_heading.default\">\n\t\t\t\t<div class=\"elementor-widget-container\">\n\t\t\t\n\t\t<div id=\"ld-fancy-heading-69dfb786d4667\" class=\"ld-fancy-heading pos-rel\">\n\t\t\t<h2 class=\"ld-fh-element d-inline-block pos-rel  elementor-heading-title lqd-highlight-classic lqd-highlight-grow-left h2\"  > Notre rayon d\u2019action en France<\/h2>\t\t<\/div>\n\n\t\t\t\t<\/div>\n\t\t\t\t<\/div>\n\t\t\t\t<div class=\"elementor-element elementor-element-25f2a3d elementor-widget elementor-widget-ld_button\" data-id=\"25f2a3d\" data-element_type=\"widget\" data-widget_type=\"ld_button.default\">\n\t\t\t\t<div class=\"elementor-widget-container\">\n\t\t\t\n\t\t\t<a\n\t\t\t\tclass=\"elementor-button btn btn-solid btn-hover-txt-liquid-x btn-icon-shaped btn-has-label\" data-lity=\"#modal-6048\" href=\"#modal-6048\"\t\t\t>\n\t\t\t\t\t\t\t\t\t<span data-text=\"Nous contacter\" class=\"btn-txt\" data-transition-delay=\"true\" data-delay-options=\"{&quot;elements&quot;: &quot;.lqd-chars&quot;, &quot;delayType&quot;: &quot;animation&quot;, &quot;startDelay&quot;: 0, &quot;delayBetween&quot;: 32.5}\" data-split-text=\"true\" data-split-options=\"{&quot;type&quot;: &quot;chars, words&quot;}\">\n\t\t\t\t\t\tNous contacter\t\t\t\t\t<\/span>\n\t\t\t\t\t\t\t\t\t\t\t<\/a>\n\t\t\t\t\t<\/div>\n\t\t\t\t<\/div>\n\t\t\t\t\t<\/div>\n\t\t<\/div>\n\t\t\t\t<div class=\"elementor-column elementor-col-50 elementor-top-column elementor-element elementor-element-4c297f2\" data-id=\"4c297f2\" data-element_type=\"column\">\n\t\t\t<div class=\"elementor-widget-wrap elementor-element-populated\">\n\t\t\t\t\t\t\t\t<div class=\"elementor-element elementor-element-871d51d elementor-widget__width-initial elementor-widget elementor-widget-ld_fancy_image\" data-id=\"871d51d\" data-element_type=\"widget\" data-widget_type=\"ld_fancy_image.default\">\n\t\t\t\t<div class=\"elementor-widget-container\">\n\t\t\t\n\t\t<div class=\"lqd-imggrp-single d-block pos-rel \">\n\t\t\t<div class=\"lqd-imggrp-img-container d-inline-flex pos-rel align-items-center justify-content-center \">\n\t\t\t\t\t\t\t\t<figure class=\"w-100 pos-rel\">\n\t\t\t\t\t<img loading=\"lazy\" decoding=\"async\" width=\"1653\" height=\"2338\" src=\"data:image\/svg+xml;charset=utf-8,%3Csvg xmlns%3D&#039;http%3A%2F%2Fwww.w3.org%2F2000%2Fsvg&#039; viewBox%3D&#039;0 0 1600 2263&#039;%2F%3E\" class=\"attachment-full size-full wp-image-6701 ld-lazyload\" alt=\"\" itemprop=\"image\" data-src=\"https:\/\/transportsbourasseau.fr\/wp-content\/uploads\/2024\/04\/BOURASSEAU-COM-4.jpg\" data-srcset=\"https:\/\/transportsbourasseau.fr\/wp-content\/uploads\/2024\/04\/BOURASSEAU-COM-4.jpg 1653w, https:\/\/transportsbourasseau.fr\/wp-content\/uploads\/2024\/04\/BOURASSEAU-COM-4-212x300.jpg 212w, https:\/\/transportsbourasseau.fr\/wp-content\/uploads\/2024\/04\/BOURASSEAU-COM-4-724x1024.jpg 724w, https:\/\/transportsbourasseau.fr\/wp-content\/uploads\/2024\/04\/BOURASSEAU-COM-4-1086x1536.jpg 1086w, https:\/\/transportsbourasseau.fr\/wp-content\/uploads\/2024\/04\/BOURASSEAU-COM-4-1448x2048.jpg 1448w, https:\/\/transportsbourasseau.fr\/wp-content\/uploads\/2024\/04\/BOURASSEAU-COM-4-600x849.jpg 600w\" data-sizes=\"(max-width: 1653px) 100vw, 1653px\" data-aspect=\"0.70702607158639\" \/>\t\t\t\t\t\t\t\t\t\t\t\t\t\t\t\t\t\t\t\t\t\t\t\t\t\t\t\t\t<\/figure>\n\t\t\t<\/div>\n\t\t<\/div>\n\n\t\t\t<\/div>\n\t\t\t\t<\/div>\n\t\t\t\t\t<\/div>\n\t\t<\/div>\n\t\t\t\t\t\t\t<\/div>\n\t\t<\/section>\n\t\t\t\t\t\t\t<\/div>\n\t\t","protected":false},"excerpt":{"rendered":"<p>L&rsquo; Activit\u00e9 LE CHARGEMENT Diff\u00e9rents points de chargement chez nos clients, r\u00e9partis dans un rayon de 200 kms autour de l\u2019entreprise. LE TRANSPORT Acheminement des aliments confi\u00e9s au chargement et jusqu\u2019au point de livraison demand\u00e9. LA LIVRAISON Livraison directement en ferme ou sur site chez les \u00e9leveurs de nos clients. Notre rayon d\u2019action en France [&hellip;]<\/p>\n","protected":false},"author":1,"featured_media":0,"parent":0,"menu_order":0,"comment_status":"closed","ping_status":"closed","template":"","meta":{"footnotes":""},"class_list":["post-6253","page","type-page","status-publish","hentry"],"_links":{"self":[{"href":"https:\/\/transportsbourasseau.fr\/index.php?rest_route=\/wp\/v2\/pages\/6253","targetHints":{"allow":["GET"]}}],"collection":[{"href":"https:\/\/transportsbourasseau.fr\/index.php?rest_route=\/wp\/v2\/pages"}],"about":[{"href":"https:\/\/transportsbourasseau.fr\/index.php?rest_route=\/wp\/v2\/types\/page"}],"author":[{"embeddable":true,"href":"https:\/\/transportsbourasseau.fr\/index.php?rest_route=\/wp\/v2\/users\/1"}],"replies":[{"embeddable":true,"href":"https:\/\/transportsbourasseau.fr\/index.php?rest_route=%2Fwp%2Fv2%2Fcomments&post=6253"}],"version-history":[{"count":90,"href":"https:\/\/transportsbourasseau.fr\/index.php?rest_route=\/wp\/v2\/pages\/6253\/revisions"}],"predecessor-version":[{"id":6761,"href":"https:\/\/transportsbourasseau.fr\/index.php?rest_route=\/wp\/v2\/pages\/6253\/revisions\/6761"}],"wp:attachment":[{"href":"https:\/\/transportsbourasseau.fr\/index.php?rest_route=%2Fwp%2Fv2%2Fmedia&parent=6253"}],"curies":[{"name":"wp","href":"https:\/\/api.w.org\/{rel}","templated":true}]}}